{"id":3970,"date":"2021-03-30T14:37:34","date_gmt":"2021-03-30T12:37:34","guid":{"rendered":"https:\/\/www.deweverguido.be\/contact\/"},"modified":"2025-06-03T16:12:56","modified_gmt":"2025-06-03T14:12:56","slug":"contact","status":"publish","type":"page","link":"https:\/\/www.deweverguido.be\/fr\/contact\/","title":{"rendered":"CONTACT"},"content":{"rendered":"\t\t<div data-elementor-type=\"wp-page\" data-elementor-id=\"3970\" class=\"elementor elementor-3970 elementor-52\" data-elementor-post-type=\"page\">\n\t\t\t\t\t\t<section class=\"elementor-section elementor-top-section elementor-element elementor-element-888d78 elementor-section-boxed elementor-section-height-default elementor-section-height-default\" data-id=\"888d78\" data-element_type=\"section\">\n\t\t\t\t\t\t<div class=\"elementor-container elementor-column-gap-wider\">\n\t\t\t\t\t<div class=\"elementor-column elementor-col-100 elementor-top-column elementor-element elementor-element-40ed333a\" data-id=\"40ed333a\" data-element_type=\"column\">\n\t\t\t<div class=\"elementor-widget-wrap elementor-element-populated\">\n\t\t\t\t\t\t<div class=\"elementor-element elementor-element-2f30c18 elementor-widget elementor-widget-heading\" data-id=\"2f30c18\" data-element_type=\"widget\" data-widget_type=\"heading.default\">\n\t\t\t\t<div class=\"elementor-widget-container\">\n\t\t\t\t\t<h1 class=\"elementor-heading-title elementor-size-default\">Contactez nous<\/h1>\t\t\t\t<\/div>\n\t\t\t\t<\/div>\n\t\t\t\t<div class=\"elementor-element elementor-element-4b499452 elementor-icon-list--layout-traditional elementor-list-item-link-full_width elementor-widget elementor-widget-icon-list\" data-id=\"4b499452\" data-element_type=\"widget\" data-widget_type=\"icon-list.default\">\n\t\t\t\t<div class=\"elementor-widget-container\">\n\t\t\t\t\t\t\t<ul class=\"elementor-icon-list-items\">\n\t\t\t\t\t\t\t<li class=\"elementor-icon-list-item\">\n\t\t\t\t\t\t\t\t\t\t\t<span class=\"elementor-icon-list-icon\">\n\t\t\t\t\t\t\t<i aria-hidden=\"true\" class=\"fas fa-chevron-circle-right\"><\/i>\t\t\t\t\t\t<\/span>\n\t\t\t\t\t\t\t\t\t\t<span class=\"elementor-icon-list-text\">DE WEVER GUIDO BVBA<\/span>\n\t\t\t\t\t\t\t\t\t<\/li>\n\t\t\t\t\t\t\t\t<li class=\"elementor-icon-list-item\">\n\t\t\t\t\t\t\t\t\t\t\t<a href=\"\">\n\n\t\t\t\t\t\t\t\t\t\t\t\t<span class=\"elementor-icon-list-icon\">\n\t\t\t\t\t\t\t<i aria-hidden=\"true\" class=\"fas fa-chevron-circle-right\"><\/i>\t\t\t\t\t\t<\/span>\n\t\t\t\t\t\t\t\t\t\t<span class=\"elementor-icon-list-text\">  TEL : 02\/582 80 97<\/span>\n\t\t\t\t\t\t\t\t\t\t\t<\/a>\n\t\t\t\t\t\t\t\t\t<\/li>\n\t\t\t\t\t\t\t\t<li class=\"elementor-icon-list-item\">\n\t\t\t\t\t\t\t\t\t\t\t<a href=\"mailto:info@deweverguido.be\">\n\n\t\t\t\t\t\t\t\t\t\t\t\t<span class=\"elementor-icon-list-icon\">\n\t\t\t\t\t\t\t<i aria-hidden=\"true\" class=\"fas fa-chevron-circle-right\"><\/i>\t\t\t\t\t\t<\/span>\n\t\t\t\t\t\t\t\t\t\t<span class=\"elementor-icon-list-text\">E-mail : info@deweverguido.be<\/span>\n\t\t\t\t\t\t\t\t\t\t\t<\/a>\n\t\t\t\t\t\t\t\t\t<\/li>\n\t\t\t\t\t\t\t\t<li class=\"elementor-icon-list-item\">\n\t\t\t\t\t\t\t\t\t\t\t<span class=\"elementor-icon-list-icon\">\n\t\t\t\t\t\t\t<i aria-hidden=\"true\" class=\"fas fa-chevron-circle-right\"><\/i>\t\t\t\t\t\t<\/span>\n\t\t\t\t\t\t\t\t\t\t<span class=\"elementor-icon-list-text\">Adresse : Bosstraat 217, 1742 Ternat<\/span>\n\t\t\t\t\t\t\t\t\t<\/li>\n\t\t\t\t\t\t\t\t<li class=\"elementor-icon-list-item\">\n\t\t\t\t\t\t\t\t\t\t\t<span class=\"elementor-icon-list-icon\">\n\t\t\t\t\t\t\t<i aria-hidden=\"true\" class=\"fas fa-chevron-circle-right\"><\/i>\t\t\t\t\t\t<\/span>\n\t\t\t\t\t\t\t\t\t\t<span class=\"elementor-icon-list-text\">BTW : 0862889630<\/span>\n\t\t\t\t\t\t\t\t\t<\/li>\n\t\t\t\t\t\t<\/ul>\n\t\t\t\t\t\t<\/div>\n\t\t\t\t<\/div>\n\t\t\t\t<div class=\"elementor-element elementor-element-949de27 elementor-widget elementor-widget-wpforms\" data-id=\"949de27\" data-element_type=\"widget\" data-widget_type=\"wpforms.default\">\n\t\t\t\t<div class=\"elementor-widget-container\">\n\t\t\t\t\t<div class=\"wpforms-container wpforms-container-full wpforms-render-modern\" id=\"wpforms-2696\"><form id=\"wpforms-form-2696\" class=\"wpforms-validate wpforms-form\" data-formid=\"2696\" method=\"post\" enctype=\"multipart\/form-data\" action=\"\/fr\/wp-json\/wp\/v2\/pages\/3970\" data-token=\"ebd16551fe53f749c6feed62d78c3532\" data-token-time=\"1777555633\"><noscript class=\"wpforms-error-noscript\">Veuillez activer JavaScript dans votre navigateur pour remplir ce formulaire.<\/noscript><div id=\"wpforms-error-noscript\" style=\"display: none;\">Veuillez activer JavaScript dans votre navigateur pour remplir ce formulaire.<\/div><div class=\"wpforms-page-indicator circles\" data-indicator=\"circles\" data-indicator-color=\"#d51111\" data-scroll=\"1\" role=\"progressbar\" aria-valuenow=\"1\" aria-valuemin=\"1\" aria-valuemax=\"4\" tabindex=\"-1\"><div class=\"wpforms-page-indicator-page active wpforms-page-indicator-page-1\" data-page=\"1\"><span class=\"wpforms-page-indicator-page-number\" style=\"background-color:#d51111\" data-page=\"1\">1<\/span><span class=\"wpforms-page-indicator-page-title\">Quel est le probl\u00e8me ?<\/span><\/div><div class=\"wpforms-page-indicator-page  wpforms-page-indicator-page-2\" data-page=\"2\"><span class=\"wpforms-page-indicator-page-number\"  data-page=\"2\">2<\/span><span class=\"wpforms-page-indicator-page-title\">O\u00f9 se situe exactement le probl\u00e8me ?<\/span><\/div><div class=\"wpforms-page-indicator-page  wpforms-page-indicator-page-3\" data-page=\"3\"><span class=\"wpforms-page-indicator-page-number\"  data-page=\"3\">3<\/span><span class=\"wpforms-page-indicator-page-title\">Notes compl\u00e9mentaires<\/span><\/div><div class=\"wpforms-page-indicator-page  wpforms-page-indicator-page-4\" data-page=\"4\"><span class=\"wpforms-page-indicator-page-number\"  data-page=\"4\">4<\/span><span class=\"wpforms-page-indicator-page-title\">Coordonn\u00e9es de la personne \u00e0 contacter<\/span><\/div><\/div><div class=\"wpforms-field-container\"><div class=\"wpforms-page wpforms-page-1 \" data-page=\"1\"><div id=\"wpforms-2696-field_10-container\" class=\"wpforms-field wpforms-field-pagebreak\" data-field-id=\"10\"><\/div><div id=\"wpforms-2696-field_1-container\" class=\"wpforms-field wpforms-field-radio wpforms-conditional-trigger\" data-field-id=\"1\"><fieldset><legend class=\"wpforms-field-label wpforms-label-hide\" aria-hidden=\"false\">Quel est le probl\u00e8me ?<\/legend><ul id=\"wpforms-2696-field_1\"><li class=\"choice-1 depth-1\"><input type=\"radio\" id=\"wpforms-2696-field_1_1\" name=\"wpforms[fields][1]\" value=\"Blocage\" aria-errormessage=\"wpforms-2696-field_1_1-error\"  ><label class=\"wpforms-field-label-inline\" for=\"wpforms-2696-field_1_1\">Blocage<\/label><\/li><li class=\"choice-2 depth-1\"><input type=\"radio\" id=\"wpforms-2696-field_1_2\" name=\"wpforms[fields][1]\" value=\"Inspection des odeurs et inspection par cam\u00e9ra\" aria-errormessage=\"wpforms-2696-field_1_2-error\"  ><label class=\"wpforms-field-label-inline\" for=\"wpforms-2696-field_1_2\">Inspection des odeurs et inspection par cam\u00e9ra<\/label><\/li><li class=\"choice-3 depth-1\"><input type=\"radio\" id=\"wpforms-2696-field_1_3\" name=\"wpforms[fields][1]\" value=\"Cull\" aria-errormessage=\"wpforms-2696-field_1_3-error\"  ><label class=\"wpforms-field-label-inline\" for=\"wpforms-2696-field_1_3\">Cull<\/label><\/li><li class=\"choice-4 depth-1\"><input type=\"radio\" id=\"wpforms-2696-field_1_4\" name=\"wpforms[fields][1]\" value=\"R\u00e9paration\" aria-errormessage=\"wpforms-2696-field_1_4-error\"  ><label class=\"wpforms-field-label-inline\" for=\"wpforms-2696-field_1_4\">R\u00e9paration<\/label><\/li><li class=\"choice-5 depth-1\"><input type=\"radio\" id=\"wpforms-2696-field_1_5\" name=\"wpforms[fields][1]\" value=\"Autre\" aria-errormessage=\"wpforms-2696-field_1_5-error\"  ><label class=\"wpforms-field-label-inline\" for=\"wpforms-2696-field_1_5\">Autre<\/label><\/li><\/ul><\/fieldset><\/div><div id=\"wpforms-2696-field_9-container\" class=\"wpforms-field wpforms-field-pagebreak\" data-field-id=\"9\"><div class=\"wpforms-clear wpforms-pagebreak-left\"><button class=\"wpforms-page-button wpforms-page-next wpforms-disabled\"\n\t\t\t\t\tdata-action=\"next\" data-page=\"1\" data-formid=\"2696\" aria-disabled=\"true\" aria-describedby=\"wpforms-error-noscript\">Suivant<\/button><\/div><\/div><\/div><div class=\"wpforms-page wpforms-page-2  \" data-page=\"2\" style=\"display:none;\"><div id=\"wpforms-2696-field_5-container\" class=\"wpforms-field wpforms-field-radio wpforms-conditional-field wpforms-conditional-show\" data-field-id=\"5\" style=\"display:none;\"><fieldset><legend class=\"wpforms-field-label wpforms-label-hide\" aria-hidden=\"false\">O\u00f9 se situe exactement le probl\u00e8me (blocage) ? <\/legend><ul id=\"wpforms-2696-field_5\"><li class=\"choice-4 depth-1\"><input type=\"radio\" id=\"wpforms-2696-field_5_4\" name=\"wpforms[fields][5]\" value=\"Cuisine\" aria-errormessage=\"wpforms-2696-field_5_4-error\"  ><label class=\"wpforms-field-label-inline\" for=\"wpforms-2696-field_5_4\">Cuisine<\/label><\/li><li class=\"choice-5 depth-1\"><input type=\"radio\" id=\"wpforms-2696-field_5_5\" name=\"wpforms[fields][5]\" value=\"Toilettes\" aria-errormessage=\"wpforms-2696-field_5_5-error\"  ><label class=\"wpforms-field-label-inline\" for=\"wpforms-2696-field_5_5\">Toilettes<\/label><\/li><li class=\"choice-6 depth-1\"><input type=\"radio\" id=\"wpforms-2696-field_5_6\" name=\"wpforms[fields][5]\" value=\"Salle de bains\" aria-errormessage=\"wpforms-2696-field_5_6-error\"  ><label class=\"wpforms-field-label-inline\" for=\"wpforms-2696-field_5_6\">Salle de bains<\/label><\/li><li class=\"choice-7 depth-1\"><input type=\"radio\" id=\"wpforms-2696-field_5_7\" name=\"wpforms[fields][5]\" value=\"G\u00e9n\u00e9ral\" aria-errormessage=\"wpforms-2696-field_5_7-error\"  ><label class=\"wpforms-field-label-inline\" for=\"wpforms-2696-field_5_7\">G\u00e9n\u00e9ral<\/label><\/li><li class=\"choice-8 depth-1\"><input type=\"radio\" id=\"wpforms-2696-field_5_8\" name=\"wpforms[fields][5]\" value=\"Autre\" aria-errormessage=\"wpforms-2696-field_5_8-error\"  ><label class=\"wpforms-field-label-inline\" for=\"wpforms-2696-field_5_8\">Autre<\/label><\/li><\/ul><\/fieldset><\/div><div id=\"wpforms-2696-field_6-container\" class=\"wpforms-field wpforms-field-radio wpforms-conditional-field wpforms-conditional-show\" data-field-id=\"6\" style=\"display:none;\"><fieldset><legend class=\"wpforms-field-label wpforms-label-hide\" aria-hidden=\"false\">O\u00f9 se situe exactement le probl\u00e8me (abattage) ? <\/legend><ul id=\"wpforms-2696-field_6\"><li class=\"choice-9 depth-1\"><input type=\"radio\" id=\"wpforms-2696-field_6_9\" name=\"wpforms[fields][6]\" value=\"Fosse septique\" aria-errormessage=\"wpforms-2696-field_6_9-error\"  ><label class=\"wpforms-field-label-inline\" for=\"wpforms-2696-field_6_9\">Fosse septique<\/label><\/li><li class=\"choice-10 depth-1\"><input type=\"radio\" id=\"wpforms-2696-field_6_10\" name=\"wpforms[fields][6]\" value=\"Citerne\" aria-errormessage=\"wpforms-2696-field_6_10-error\"  ><label class=\"wpforms-field-label-inline\" for=\"wpforms-2696-field_6_10\">Citerne<\/label><\/li><li class=\"choice-11 depth-1\"><input type=\"radio\" id=\"wpforms-2696-field_6_11\" name=\"wpforms[fields][6]\" value=\"Fosse \u00e0 graisse\" aria-errormessage=\"wpforms-2696-field_6_11-error\"  ><label class=\"wpforms-field-label-inline\" for=\"wpforms-2696-field_6_11\">Fosse \u00e0 graisse<\/label><\/li><li class=\"choice-12 depth-1\"><input type=\"radio\" id=\"wpforms-2696-field_6_12\" name=\"wpforms[fields][6]\" value=\"S\u00e9parateur huile-eau\" aria-errormessage=\"wpforms-2696-field_6_12-error\"  ><label class=\"wpforms-field-label-inline\" for=\"wpforms-2696-field_6_12\">S\u00e9parateur huile-eau<\/label><\/li><li class=\"choice-13 depth-1\"><input type=\"radio\" id=\"wpforms-2696-field_6_13\" name=\"wpforms[fields][6]\" value=\"Pi\u00e8ges \u00e0 sable\" aria-errormessage=\"wpforms-2696-field_6_13-error\"  ><label class=\"wpforms-field-label-inline\" for=\"wpforms-2696-field_6_13\">Pi\u00e8ges \u00e0 sable<\/label><\/li><li class=\"choice-14 depth-1\"><input type=\"radio\" id=\"wpforms-2696-field_6_14\" name=\"wpforms[fields][6]\" value=\"Autre\" aria-errormessage=\"wpforms-2696-field_6_14-error\"  ><label class=\"wpforms-field-label-inline\" for=\"wpforms-2696-field_6_14\">Autre<\/label><\/li><\/ul><\/fieldset><\/div><div id=\"wpforms-2696-field_12-container\" class=\"wpforms-field wpforms-field-pagebreak\" data-field-id=\"12\"><div class=\"wpforms-clear wpforms-pagebreak-left\"><button class=\"wpforms-page-button wpforms-page-prev wpforms-disabled\"\n\t\t\t\t\tdata-action=\"prev\" data-page=\"2\" data-formid=\"2696\" aria-disabled=\"true\" aria-describedby=\"wpforms-error-noscript\">Pr\u00e9c\u00e9dent<\/button><button class=\"wpforms-page-button wpforms-page-next wpforms-disabled\"\n\t\t\t\t\tdata-action=\"next\" data-page=\"2\" data-formid=\"2696\" aria-disabled=\"true\" aria-describedby=\"wpforms-error-noscript\">Suivant<\/button><\/div><\/div><\/div><div class=\"wpforms-page wpforms-page-3  \" data-page=\"3\" style=\"display:none;\"><div id=\"wpforms-2696-field_7-container\" class=\"wpforms-field wpforms-field-textarea\" data-field-id=\"7\"><label class=\"wpforms-field-label wpforms-label-hide\" for=\"wpforms-2696-field_7\" aria-hidden=\"false\">Notes compl\u00e9mentaires<\/label><textarea id=\"wpforms-2696-field_7\" class=\"wpforms-field-medium\" name=\"wpforms[fields][7]\" aria-errormessage=\"wpforms-2696-field_7-error\" ><\/textarea><\/div><div id=\"wpforms-2696-field_13-container\" class=\"wpforms-field wpforms-field-pagebreak\" data-field-id=\"13\"><div class=\"wpforms-clear wpforms-pagebreak-left\"><button class=\"wpforms-page-button wpforms-page-prev wpforms-disabled\"\n\t\t\t\t\tdata-action=\"prev\" data-page=\"3\" data-formid=\"2696\" aria-disabled=\"true\" aria-describedby=\"wpforms-error-noscript\">Pr\u00e9c\u00e9dent<\/button><button class=\"wpforms-page-button wpforms-page-next wpforms-disabled\"\n\t\t\t\t\tdata-action=\"next\" data-page=\"3\" data-formid=\"2696\" aria-disabled=\"true\" aria-describedby=\"wpforms-error-noscript\">Suivant<\/button><\/div><\/div><\/div><div class=\"wpforms-page wpforms-page-4 last \" data-page=\"4\" style=\"display:none;\"><div id=\"wpforms-2696-field_8-container\" class=\"wpforms-field wpforms-field-text\" data-field-id=\"8\"><label class=\"wpforms-field-label\" for=\"wpforms-2696-field_8\">Nom<\/label><input type=\"text\" id=\"wpforms-2696-field_8\" class=\"wpforms-field-medium\" name=\"wpforms[fields][8]\" aria-errormessage=\"wpforms-2696-field_8-error\" ><\/div><div id=\"wpforms-2696-field_14-container\" class=\"wpforms-field wpforms-field-email\" data-field-id=\"14\"><label class=\"wpforms-field-label\" for=\"wpforms-2696-field_14\">Courriel <span class=\"wpforms-required-label\" aria-hidden=\"true\">*<\/span><\/label><input type=\"email\" id=\"wpforms-2696-field_14\" class=\"wpforms-field-medium wpforms-field-required\" name=\"wpforms[fields][14]\" spellcheck=\"false\" aria-errormessage=\"wpforms-2696-field_14-error\" required><\/div><div id=\"wpforms-2696-field_15-container\" class=\"wpforms-field wpforms-field-phone\" data-field-id=\"15\"><label class=\"wpforms-field-label\" for=\"wpforms-2696-field_15\">Num\u00e9ro de t\u00e9l\u00e9phone<\/label><input type=\"tel\" id=\"wpforms-2696-field_15\" class=\"wpforms-field-medium wpforms-smart-phone-field\" data-rule-smart-phone-field=\"true\" name=\"wpforms[fields][15]\" aria-label=\"Num\u00e9ro de t\u00e9l\u00e9phone\" aria-errormessage=\"wpforms-2696-field_15-error\" ><\/div><div id=\"wpforms-2696-field_16-container\" class=\"wpforms-field wpforms-field-address\" data-field-id=\"16\"><fieldset><legend class=\"wpforms-field-label\">Adresse<\/legend><div class=\"wpforms-field-row wpforms-field-medium\"><div ><input type=\"text\" id=\"wpforms-2696-field_16\" class=\"wpforms-field-address-address1\" name=\"wpforms[fields][16][address1]\" aria-errormessage=\"wpforms-2696-field_16-error\" ><label for=\"wpforms-2696-field_16\" class=\"wpforms-field-sublabel after\">Adresse ligne\u00a01<\/label><\/div><\/div><div class=\"wpforms-field-row wpforms-field-medium\"><div class=\"wpforms-field-row-block wpforms-one-half wpforms-first\"><input type=\"text\" id=\"wpforms-2696-field_16-city\" class=\"wpforms-field-address-city\" name=\"wpforms[fields][16][city]\" aria-errormessage=\"wpforms-2696-field_16-city-error\" ><label for=\"wpforms-2696-field_16-city\" class=\"wpforms-field-sublabel after\">Ville<\/label><\/div><div class=\"wpforms-field-row-block wpforms-one-half\"><input type=\"text\" id=\"wpforms-2696-field_16-state\" class=\"wpforms-field-address-state\" name=\"wpforms[fields][16][state]\" aria-errormessage=\"wpforms-2696-field_16-state-error\" ><label for=\"wpforms-2696-field_16-state\" class=\"wpforms-field-sublabel after\">\u00c9tat \/ Province \/ R\u00e9gion<\/label><\/div><\/div><div class=\"wpforms-field-row wpforms-field-medium\"><div class=\"wpforms-field-row-block wpforms-one-half wpforms-first\"><input type=\"text\" id=\"wpforms-2696-field_16-postal\" class=\"wpforms-field-address-postal\" name=\"wpforms[fields][16][postal]\" aria-errormessage=\"wpforms-2696-field_16-postal-error\" ><label for=\"wpforms-2696-field_16-postal\" class=\"wpforms-field-sublabel after\">Code postal<\/label><\/div><\/div><\/fieldset><\/div><div id=\"wpforms-2696-field_18-container\" class=\"wpforms-field wpforms-field-gdpr-checkbox\" data-field-id=\"18\"><label class=\"wpforms-field-label wpforms-label-hide\" aria-hidden=\"false\">Accord AVG\/GDPR <span class=\"wpforms-required-label\" aria-hidden=\"true\">*<\/span><\/label><ul id=\"wpforms-2696-field_18\" class=\"wpforms-field-required\"><li class=\"choice-1\"><input type=\"checkbox\" id=\"wpforms-2696-field_18_1\" name=\"wpforms[fields][18][]\" value=\"J&#039;accepte les &lt;a target=&quot;_blank&quot; href=&quot;http:\/\/www.deweverguido.be\/wp-content\/uploads\/Algemene-verkoopsvoorwaarden-De-Wever-Guido-BV-.pdf&quot;&gt;conditions g\u00e9n\u00e9rales de vente&lt;\/a&gt;\" aria-errormessage=\"wpforms-2696-field_18_1-error\" required ><label class=\"wpforms-field-label-inline\" for=\"wpforms-2696-field_18_1\">J'accepte les <a target=\"_blank\" href=\"http:\/\/www.deweverguido.be\/wp-content\/uploads\/Algemene-verkoopsvoorwaarden-De-Wever-Guido-BV-.pdf\">conditions g\u00e9n\u00e9rales de vente<\/a> <span class=\"wpforms-required-label\" aria-hidden=\"true\">*<\/span><\/label><\/li><\/ul><\/div>\t\t<div id=\"wpforms-2696-field_2-container\"\n\t\t\tclass=\"wpforms-field wpforms-field-text\"\n\t\t\tdata-field-type=\"text\"\n\t\t\tdata-field-id=\"2\"\n\t\t\t>\n\t\t\t<label class=\"wpforms-field-label\" for=\"wpforms-2696-field_2\" >AVG\/GDPR le Quel<\/label>\n\t\t\t<input type=\"text\" id=\"wpforms-2696-field_2\" class=\"wpforms-field-medium\" name=\"wpforms[fields][2]\" >\n\t\t<\/div>\n\t\t<div id=\"wpforms-2696-field_11-container\" class=\"wpforms-field wpforms-field-pagebreak\" data-field-id=\"11\"><\/div><\/div><script>\n\t\t\t\t( function() {\n\t\t\t\t\tconst style = document.createElement( 'style' );\n\t\t\t\t\tstyle.appendChild( document.createTextNode( '#wpforms-2696-field_2-container { position: absolute !important; overflow: hidden !important; display: inline !important; height: 1px !important; width: 1px !important; z-index: -1000 !important; padding: 0 !important; } #wpforms-2696-field_2-container input { visibility: hidden; } #wpforms-conversational-form-page #wpforms-2696-field_2-container label { counter-increment: none; }' ) );\n\t\t\t\t\tdocument.head.appendChild( style );\n\t\t\t\t\tdocument.currentScript?.remove();\n\t\t\t\t} )();\n\t\t\t<\/script><\/div><!-- .wpforms-field-container --><div class=\"wpforms-recaptcha-container wpforms-is-turnstile\" style=\"display:none;\"><div class=\"wpforms-turnstile\" data-sitekey=\"0x4AAAAAAAO30u0IRqoTIcRp\" data-action=\"FormID-2696\"><\/div><input type=\"text\" name=\"g-recaptcha-hidden\" class=\"wpforms-recaptcha-hidden\" style=\"position:absolute!important;clip:rect(0,0,0,0)!important;height:1px!important;width:1px!important;border:0!important;overflow:hidden!important;padding:0!important;margin:0!important;\" data-rule-turnstile=\"1\"><\/div><div class=\"wpforms-submit-container\" style=\"display:none;\"><input type=\"hidden\" name=\"wpforms[id]\" value=\"2696\"><input type=\"hidden\" name=\"page_title\" value=\"\"><input type=\"hidden\" name=\"page_url\" value=\"https:\/\/www.deweverguido.be\/fr\/wp-json\/wp\/v2\/pages\/3970\"><input type=\"hidden\" name=\"url_referer\" value=\"\"><button type=\"submit\" name=\"wpforms[submit]\" id=\"wpforms-submit-2696\" class=\"wpforms-submit\" data-alt-text=\"Exp\u00e9dition...\" data-submit-text=\"Envoyer\" aria-live=\"assertive\" value=\"wpforms-submit\">Envoyer<\/button><\/div><\/form><\/div>  <!-- .wpforms-container -->\t\t\t\t<\/div>\n\t\t\t\t<\/div>\n\t\t\t\t\t<\/div>\n\t\t<\/div>\n\t\t\t\t\t<\/div>\n\t\t<\/section>\n\t\t\t\t<section class=\"elementor-section elementor-top-section elementor-element elementor-element-da4ee60 elementor-section-full_width elementor-section-height-default elementor-section-height-default\" data-id=\"da4ee60\" data-element_type=\"section\">\n\t\t\t\t\t\t<div class=\"elementor-container elementor-column-gap-no\">\n\t\t\t\t\t<div class=\"elementor-column elementor-col-100 elementor-top-column elementor-element elementor-element-d8a2b2a\" data-id=\"d8a2b2a\" data-element_type=\"column\">\n\t\t\t<div class=\"elementor-widget-wrap elementor-element-populated\">\n\t\t\t\t\t\t<div class=\"elementor-element elementor-element-59fe96a2 elementor-widget elementor-widget-google_maps\" data-id=\"59fe96a2\" data-element_type=\"widget\" data-widget_type=\"google_maps.default\">\n\t\t\t\t<div class=\"elementor-widget-container\">\n\t\t\t\t\t\t\t<div class=\"elementor-custom-embed\">\n\t\t\t<iframe loading=\"lazy\"\n\t\t\t\t\tsrc=\"https:\/\/maps.google.com\/maps?q=Guido%20de%20Wever&#038;t=m&#038;z=9&#038;output=embed&#038;iwloc=near\"\n\t\t\t\t\ttitle=\"Guido de Wever\"\n\t\t\t\t\taria-label=\"Guido de Wever\"\n\t\t\t><\/iframe>\n\t\t<\/div>\n\t\t\t\t\t\t<\/div>\n\t\t\t\t<\/div>\n\t\t\t\t\t<\/div>\n\t\t<\/div>\n\t\t\t\t\t<\/div>\n\t\t<\/section>\n\t\t\t\t<\/div>\n\t\t","protected":false},"excerpt":{"rendered":"<p>Contactez nous DE WEVER GUIDO BVBA TEL : 02\/582 80 97 E-mail : info@deweverguido.be Adresse : Bosstraat 217, 1742 Ternat BTW : 0862889630 Schakel JavaScript in je browser in om dit formulier in te vullen.Schakel JavaScript in je browser in om dit formulier in te vullen.1Wat is het probleem?2Waar bevindt zich het probleem exact?3Extra opmerkingen4Contactgegevens [&hellip;]<\/p>\n","protected":false},"author":3,"featured_media":0,"parent":0,"menu_order":0,"comment_status":"closed","ping_status":"closed","template":"","meta":{"_acf_changed":false,"footnotes":""},"class_list":["post-3970","page","type-page","status-publish","hentry"],"acf":[],"_links":{"self":[{"href":"https:\/\/www.deweverguido.be\/fr\/wp-json\/wp\/v2\/pages\/3970","targetHints":{"allow":["GET"]}}],"collection":[{"href":"https:\/\/www.deweverguido.be\/fr\/wp-json\/wp\/v2\/pages"}],"about":[{"href":"https:\/\/www.deweverguido.be\/fr\/wp-json\/wp\/v2\/types\/page"}],"author":[{"embeddable":true,"href":"https:\/\/www.deweverguido.be\/fr\/wp-json\/wp\/v2\/users\/3"}],"replies":[{"embeddable":true,"href":"https:\/\/www.deweverguido.be\/fr\/wp-json\/wp\/v2\/comments?post=3970"}],"version-history":[{"count":11,"href":"https:\/\/www.deweverguido.be\/fr\/wp-json\/wp\/v2\/pages\/3970\/revisions"}],"predecessor-version":[{"id":4619,"href":"https:\/\/www.deweverguido.be\/fr\/wp-json\/wp\/v2\/pages\/3970\/revisions\/4619"}],"wp:attachment":[{"href":"https:\/\/www.deweverguido.be\/fr\/wp-json\/wp\/v2\/media?parent=3970"}],"curies":[{"name":"wp","href":"https:\/\/api.w.org\/{rel}","templated":true}]}}